{"id":714,"date":"2026-02-11T21:45:35","date_gmt":"2026-02-11T21:45:35","guid":{"rendered":"https:\/\/nozime-lv-astra-main-pages.mystagingwebsite.com\/?page_id=714"},"modified":"2026-02-11T22:02:22","modified_gmt":"2026-02-11T22:02:22","slug":"korzystanie-z-witryny-sikdatnu-sia-foxily-timekla","status":"publish","type":"page","link":"https:\/\/upuko.com\/pl\/sikdatnu-lietosana-sia-foxily-timekla-vietne\/","title":{"rendered":"Wykorzystanie plik\u00f3w cookie na stronie internetowej Foxily Ltd"},"content":{"rendered":"<p>Strona korzysta z plik\u00f3w cookies.<\/p>\n\n\n\n<p>&nbsp;<\/p>\n\n\n\n<h3 class=\"wp-block-heading\">Co to jest ciasteczko?<\/h3>\n\n\n\n<p>Plik cookie to niewielki plik tekstowy, kt\u00f3ry jest wysy\u0142any do komputera lub urz\u0105dzenia mobilnego u\u017cytkownika podczas odwiedzania strony internetowej i kt\u00f3ry jest przechowywany przez stron\u0119 internetow\u0105 na komputerze lub urz\u0105dzeniu mobilnym u\u017cytkownika podczas uzyskiwania dost\u0119pu do strony internetowej. Przy ka\u017cdej kolejnej wizycie plik cookie jest wysy\u0142any z powrotem do witryny, z kt\u00f3rej pochodzi, lub do innej witryny, kt\u00f3ra rozpoznaje plik cookie. Pliki cookie dzia\u0142aj\u0105 jak pami\u0119\u0107 dla okre\u015blonej witryny internetowej, umo\u017cliwiaj\u0105c tej witrynie zapami\u0119tanie komputera u\u017cytkownika podczas kolejnych wizyt, w tym plik\u00f3w cookie, kt\u00f3re mog\u0105 zapami\u0119tywa\u0107 preferencje u\u017cytkownika lub poprawia\u0107 komfort u\u017cytkowania. Wi\u0119cej informacji na temat plik\u00f3w cookie oraz sposob\u00f3w zarz\u0105dzania nimi lub ich usuwania mo\u017cna znale\u017a\u0107 na stronie aboutcookies.org.<\/p>\n\n\n\n<h3 class=\"wp-block-heading\">Jak u\u017cywamy plik\u00f3w cookie?<\/h3>\n\n\n\n<p>Strona korzysta z plik\u00f3w cookies:<br>- aby zapami\u0119ta\u0107, czy u\u017cytkownik wyrazi\u0142 ju\u017c zgod\u0119 na korzystanie przez nas z plik\u00f3w cookie na tej stronie;<br>- aby zapami\u0119ta\u0107 autoryzowanych u\u017cytkownik\u00f3w;<br>- w celu dostosowania tre\u015bci i powiadomie\u0144 na stronie do potrzeb u\u017cytkownika;<br>- Dla statystyk Google Analytics;<br>- Inne programy zwi\u0105zane z dzia\u0142aniem strony internetowej, takie jak Google Ads, Google AdSense, HotJar itp.<\/p>\n\n\n\n<p>Witryna jest wyposa\u017cona w pliki cookie utworzone przez Google Analytics. \u201cCelem korzystania z plik\u00f3w cookie Google Analytics jest poprawa jako\u015bci tre\u015bci na stronie internetowej i dostosowanie tre\u015bci do potrzeb u\u017cytkownik\u00f3w.<\/p>\n\n\n\n<p>Je\u015bli u\u017cytkownik nie chce, aby witryna uzyskiwa\u0142a informacje o jego aktywno\u015bci w witrynie, musi aktywowa\u0107 dodatek Opt-out Browser Add-on. Dodatek ten kontaktuje si\u0119 z Google Analytics JavaScript (ga.js), aby wskaza\u0107, \u017ce dane dotycz\u0105ce danej wizyty na stronie internetowej nie powinny by\u0107 przesy\u0142ane do Google Analytics.<\/p>\n\n\n\n<h3 class=\"wp-block-heading\">Jak wy\u0142\u0105czy\u0107 pliki cookie?<\/h3>\n\n\n\n<p>Mo\u017cesz kontrolowa\u0107 i usuwa\u0107 pliki cookie, je\u015bli chcesz. Wi\u0119cej informacji mo\u017cna znale\u017a\u0107 tutaj: aboutcookies.org. U\u017cytkownik mo\u017ce usun\u0105\u0107 wszystkie pliki cookie znajduj\u0105ce si\u0119 na jego komputerze, a wi\u0119kszo\u015b\u0107 przegl\u0105darek mo\u017cna ustawi\u0107 tak, aby blokowa\u0142y umieszczanie plik\u00f3w cookie na komputerze. Konieczne b\u0119dzie jednak r\u0119czne dostosowanie ustawie\u0144 przy ka\u017cdej wizycie na stronie internetowej i istnieje mo\u017cliwo\u015b\u0107, \u017ce niekt\u00f3re us\u0142ugi i funkcje mog\u0105 nie dzia\u0142a\u0107.<\/p>\n\n\n\n<p><\/p>","protected":false},"excerpt":{"rendered":"<p>T\u012bmek\u013ca vietn\u0113 tiek izmantotas s\u012bkdatnes (ang\u013cu valod\u0101 \u201ccookies\u201c). &nbsp; Kas ir s\u012bkdatne? S\u012bkdatne ir neliela teksta datne, kas tiek nos\u016bt\u012bta [&hellip;]<\/p>\n","protected":false},"author":1,"featured_media":0,"parent":0,"menu_order":0,"comment_status":"closed","ping_status":"closed","template":"","meta":{"site-sidebar-layout":"default","site-content-layout":"","ast-site-content-layout":"default","site-content-style":"default","site-sidebar-style":"default","ast-global-header-display":"","ast-banner-title-visibility":"","ast-main-header-display":"","ast-hfb-above-header-display":"","ast-hfb-below-header-display":"","ast-hfb-mobile-header-display":"","site-post-title":"","ast-breadcrumbs-content":"","ast-featured-img":"","footer-sml-layout":"","ast-disable-related-posts":"","theme-transparent-header-meta":"","adv-header-id-meta":"","stick-header-meta":"","header-above-stick-meta":"","header-main-stick-meta":"","header-below-stick-meta":"","astra-migrate-meta-layouts":"default","ast-page-background-enabled":"default","ast-page-background-meta":{"desktop":{"background-color":"var(--ast-global-color-4)","background-image":"","background-repeat":"repeat","background-position":"center center","background-size":"auto","background-attachment":"scroll","background-type":"","background-media":"","overlay-type":"","overlay-color":"","overlay-opacity":"","overlay-gradient":""},"tablet":{"background-color":"","background-image":"","background-repeat":"repeat","background-position":"center center","background-size":"auto","background-attachment":"scroll","background-type":"","background-media":"","overlay-type":"","overlay-color":"","overlay-opacity":"","overlay-gradient":""},"mobile":{"background-color":"","background-image":"","background-repeat":"repeat","background-position":"center center","background-size":"auto","background-attachment":"scroll","background-type":"","background-media":"","overlay-type":"","overlay-color":"","overlay-opacity":"","overlay-gradient":""}},"ast-content-background-meta":{"desktop":{"background-color":"var(--ast-global-color-5)","background-image":"","background-repeat":"repeat","background-position":"center center","background-size":"auto","background-attachment":"scroll","background-type":"","background-media":"","overlay-type":"","overlay-color":"","overlay-opacity":"","overlay-gradient":""},"tablet":{"background-color":"var(--ast-global-color-5)","background-image":"","background-repeat":"repeat","background-position":"center center","background-size":"auto","background-attachment":"scroll","background-type":"","background-media":"","overlay-type":"","overlay-color":"","overlay-opacity":"","overlay-gradient":""},"mobile":{"background-color":"var(--ast-global-color-5)","background-image":"","background-repeat":"repeat","background-position":"center center","background-size":"auto","background-attachment":"scroll","background-type":"","background-media":"","overlay-type":"","overlay-color":"","overlay-opacity":"","overlay-gradient":""}},"footnotes":""},"vardnica":[],"class_list":["post-714","page","type-page","status-publish","hentry"],"yoast_head":"<!-- This site is optimized with the Yoast SEO plugin v27.0 - https:\/\/yoast.com\/product\/yoast-seo-wordpress\/ -->\n<title>S\u012bkdat\u0146u lieto\u0161ana SIA Foxily t\u012bmek\u013ca vietn\u0113 - Upuko.com<\/title>\n<meta name=\"robots\" content=\"index, follow, max-snippet:-1, max-image-preview:large, max-video-preview:-1\" \/>\n<link rel=\"canonical\" href=\"https:\/\/upuko.com\/pl\/korzystanie-z-witryny-sikdatnu-sia-foxily-timekla\/\" \/>\n<meta property=\"og:locale\" content=\"pl_PL\" \/>\n<meta property=\"og:type\" content=\"article\" \/>\n<meta property=\"og:title\" content=\"S\u012bkdat\u0146u lieto\u0161ana SIA Foxily t\u012bmek\u013ca vietn\u0113 - Upuko.com\" \/>\n<meta property=\"og:description\" content=\"T\u012bmek\u013ca vietn\u0113 tiek izmantotas s\u012bkdatnes (ang\u013cu valod\u0101 \u201ccookies\u201c). &nbsp; Kas ir s\u012bkdatne? S\u012bkdatne ir neliela teksta datne, kas tiek nos\u016bt\u012bta [&hellip;]\" \/>\n<meta property=\"og:url\" content=\"https:\/\/upuko.com\/pl\/korzystanie-z-witryny-sikdatnu-sia-foxily-timekla\/\" \/>\n<meta property=\"og:site_name\" content=\"Upuko.com\" \/>\n<meta property=\"article:modified_time\" content=\"2026-02-11T22:02:22+00:00\" \/>\n<meta name=\"twitter:card\" content=\"summary_large_image\" \/>\n<meta name=\"twitter:label1\" content=\"Szacowany czas czytania\" \/>\n\t<meta name=\"twitter:data1\" content=\"2 minuty\" \/>\n<script type=\"application\/ld+json\" class=\"yoast-schema-graph\">{\"@context\":\"https:\/\/schema.org\",\"@graph\":[{\"@type\":\"WebPage\",\"@id\":\"https:\/\/upuko.com\/sikdatnu-lietosana-sia-foxily-timekla-vietne\/\",\"url\":\"https:\/\/upuko.com\/sikdatnu-lietosana-sia-foxily-timekla-vietne\/\",\"name\":\"S\u012bkdat\u0146u lieto\u0161ana SIA Foxily t\u012bmek\u013ca vietn\u0113 - Upuko.com\",\"isPartOf\":{\"@id\":\"https:\/\/upuko.com\/#website\"},\"datePublished\":\"2026-02-11T21:45:35+00:00\",\"dateModified\":\"2026-02-11T22:02:22+00:00\",\"breadcrumb\":{\"@id\":\"https:\/\/upuko.com\/sikdatnu-lietosana-sia-foxily-timekla-vietne\/#breadcrumb\"},\"inLanguage\":\"pl-PL\",\"potentialAction\":[{\"@type\":\"ReadAction\",\"target\":[\"https:\/\/upuko.com\/sikdatnu-lietosana-sia-foxily-timekla-vietne\/\"]}]},{\"@type\":\"BreadcrumbList\",\"@id\":\"https:\/\/upuko.com\/sikdatnu-lietosana-sia-foxily-timekla-vietne\/#breadcrumb\",\"itemListElement\":[{\"@type\":\"ListItem\",\"position\":1,\"name\":\"Home\",\"item\":\"https:\/\/upuko.com\/\"},{\"@type\":\"ListItem\",\"position\":2,\"name\":\"S\u012bkdat\u0146u lieto\u0161ana SIA Foxily t\u012bmek\u013ca vietn\u0113\"}]},{\"@type\":\"WebSite\",\"@id\":\"https:\/\/upuko.com\/#website\",\"url\":\"https:\/\/upuko.com\/\",\"name\":\"Upuko.com\",\"description\":\"V\u0101rdu noz\u012bme\",\"publisher\":{\"@id\":\"https:\/\/upuko.com\/#organization\"},\"potentialAction\":[{\"@type\":\"SearchAction\",\"target\":{\"@type\":\"EntryPoint\",\"urlTemplate\":\"https:\/\/upuko.com\/?s={search_term_string}\"},\"query-input\":{\"@type\":\"PropertyValueSpecification\",\"valueRequired\":true,\"valueName\":\"search_term_string\"}}],\"inLanguage\":\"pl-PL\"},{\"@type\":\"Organization\",\"@id\":\"https:\/\/upuko.com\/#organization\",\"name\":\"Upuko.com\",\"url\":\"https:\/\/upuko.com\/\",\"logo\":{\"@type\":\"ImageObject\",\"inLanguage\":\"pl-PL\",\"@id\":\"https:\/\/upuko.com\/#\/schema\/logo\/image\/\",\"url\":\"https:\/\/upuko.com\/wp-content\/uploads\/2026\/01\/upuko-com-logo-1.png\",\"contentUrl\":\"https:\/\/upuko.com\/wp-content\/uploads\/2026\/01\/upuko-com-logo-1.png\",\"width\":1200,\"height\":300,\"caption\":\"Upuko.com\"},\"image\":{\"@id\":\"https:\/\/upuko.com\/#\/schema\/logo\/image\/\"}}]}<\/script>\n<!-- \/ Yoast SEO plugin. -->","yoast_head_json":{"title":"Wykorzystanie plik\u00f3w cookies na stronie internetowej Foxily Ltd - Upuko.com","robots":{"index":"index","follow":"follow","max-snippet":"max-snippet:-1","max-image-preview":"max-image-preview:large","max-video-preview":"max-video-preview:-1"},"canonical":"https:\/\/upuko.com\/pl\/korzystanie-z-witryny-sikdatnu-sia-foxily-timekla\/","og_locale":"pl_PL","og_type":"article","og_title":"S\u012bkdat\u0146u lieto\u0161ana SIA Foxily t\u012bmek\u013ca vietn\u0113 - Upuko.com","og_description":"T\u012bmek\u013ca vietn\u0113 tiek izmantotas s\u012bkdatnes (ang\u013cu valod\u0101 \u201ccookies\u201c). &nbsp; Kas ir s\u012bkdatne? S\u012bkdatne ir neliela teksta datne, kas tiek nos\u016bt\u012bta [&hellip;]","og_url":"https:\/\/upuko.com\/pl\/korzystanie-z-witryny-sikdatnu-sia-foxily-timekla\/","og_site_name":"Upuko.com","article_modified_time":"2026-02-11T22:02:22+00:00","twitter_card":"summary_large_image","twitter_misc":{"Szacowany czas czytania":"2 minuty"},"schema":{"@context":"https:\/\/schema.org","@graph":[{"@type":"WebPage","@id":"https:\/\/upuko.com\/sikdatnu-lietosana-sia-foxily-timekla-vietne\/","url":"https:\/\/upuko.com\/sikdatnu-lietosana-sia-foxily-timekla-vietne\/","name":"Wykorzystanie plik\u00f3w cookies na stronie internetowej Foxily Ltd - Upuko.com","isPartOf":{"@id":"https:\/\/upuko.com\/#website"},"datePublished":"2026-02-11T21:45:35+00:00","dateModified":"2026-02-11T22:02:22+00:00","breadcrumb":{"@id":"https:\/\/upuko.com\/sikdatnu-lietosana-sia-foxily-timekla-vietne\/#breadcrumb"},"inLanguage":"pl-PL","potentialAction":[{"@type":"ReadAction","target":["https:\/\/upuko.com\/sikdatnu-lietosana-sia-foxily-timekla-vietne\/"]}]},{"@type":"BreadcrumbList","@id":"https:\/\/upuko.com\/sikdatnu-lietosana-sia-foxily-timekla-vietne\/#breadcrumb","itemListElement":[{"@type":"ListItem","position":1,"name":"Home","item":"https:\/\/upuko.com\/"},{"@type":"ListItem","position":2,"name":"S\u012bkdat\u0146u lieto\u0161ana SIA Foxily t\u012bmek\u013ca vietn\u0113"}]},{"@type":"WebSite","@id":"https:\/\/upuko.com\/#website","url":"https:\/\/upuko.com\/","name":"Upuko.com","description":"Znaczenie s\u0142\u00f3w","publisher":{"@id":"https:\/\/upuko.com\/#organization"},"potentialAction":[{"@type":"SearchAction","target":{"@type":"EntryPoint","urlTemplate":"https:\/\/upuko.com\/?s={search_term_string}"},"query-input":{"@type":"PropertyValueSpecification","valueRequired":true,"valueName":"search_term_string"}}],"inLanguage":"pl-PL"},{"@type":"Organization","@id":"https:\/\/upuko.com\/#organization","name":"Upuko.com","url":"https:\/\/upuko.com\/","logo":{"@type":"ImageObject","inLanguage":"pl-PL","@id":"https:\/\/upuko.com\/#\/schema\/logo\/image\/","url":"https:\/\/upuko.com\/wp-content\/uploads\/2026\/01\/upuko-com-logo-1.png","contentUrl":"https:\/\/upuko.com\/wp-content\/uploads\/2026\/01\/upuko-com-logo-1.png","width":1200,"height":300,"caption":"Upuko.com"},"image":{"@id":"https:\/\/upuko.com\/#\/schema\/logo\/image\/"}}]}},"_links":{"self":[{"href":"https:\/\/upuko.com\/pl\/wp-json\/wp\/v2\/pages\/714","targetHints":{"allow":["GET"]}}],"collection":[{"href":"https:\/\/upuko.com\/pl\/wp-json\/wp\/v2\/pages"}],"about":[{"href":"https:\/\/upuko.com\/pl\/wp-json\/wp\/v2\/types\/page"}],"author":[{"embeddable":true,"href":"https:\/\/upuko.com\/pl\/wp-json\/wp\/v2\/users\/1"}],"replies":[{"embeddable":true,"href":"https:\/\/upuko.com\/pl\/wp-json\/wp\/v2\/comments?post=714"}],"version-history":[{"count":1,"href":"https:\/\/upuko.com\/pl\/wp-json\/wp\/v2\/pages\/714\/revisions"}],"predecessor-version":[{"id":715,"href":"https:\/\/upuko.com\/pl\/wp-json\/wp\/v2\/pages\/714\/revisions\/715"}],"wp:attachment":[{"href":"https:\/\/upuko.com\/pl\/wp-json\/wp\/v2\/media?parent=714"}],"wp:term":[{"taxonomy":"vardnica","embeddable":true,"href":"https:\/\/upuko.com\/pl\/wp-json\/wp\/v2\/vardnica?post=714"}],"curies":[{"name":"wp","href":"https:\/\/api.w.org\/{rel}","templated":true}]}}