{"id":403221,"date":"2026-02-13T22:29:33","date_gmt":"2026-02-13T22:29:33","guid":{"rendered":"https:\/\/upuko.com\/vilcej\/"},"modified":"2026-02-13T22:29:33","modified_gmt":"2026-02-13T22:29:33","slug":"vilcej","status":"publish","type":"page","link":"https:\/\/upuko.com\/pl\/vilcej\/","title":{"rendered":"holowanie -"},"content":{"rendered":"<p><strong>vilc\u0113j-:<\/strong>\u00a0nor\u0101da, ka salikte\u0146a otraj\u0101 da\u013c\u0101 nosauktais attiecas uz vilci (1), saist\u012bts ar t\u0101s izmanto\u0161anu (k\u0101) p\u0101rvieto\u0161anai, ar\u012b vilk\u0161anai uz priek\u0161u<\/p>\n<p>&nbsp;<\/p>\n<p><strong>Zastosowanie:<\/strong>\u00a0Niezdefiniowany<br \/>\n<strong>Wskaz\u00f3wki:<\/strong>\u00a0Faks<br \/>\n<strong>Klasa s\u0142\u00f3w:<\/strong>\u00a0Rzeczownik<\/p>","protected":false},"excerpt":{"rendered":"<p>vilc\u0113j-:\u00a0nor\u0101da, ka salikte\u0146a otraj\u0101 da\u013c\u0101 nosauktais attiecas uz vilci (1), saist\u012bts ar t\u0101s izmanto\u0161anu (k\u0101) p\u0101rvieto\u0161anai, ar\u012b vilk\u0161anai uz priek\u0161u [&hellip;]<\/p>\n","protected":false},"author":1,"featured_media":0,"parent":0,"menu_order":0,"comment_status":"closed","ping_status":"open","template":"","meta":{"site-sidebar-layout":"default","site-content-layout":"","ast-site-content-layout":"default","site-content-style":"default","site-sidebar-style":"default","ast-global-header-display":"","ast-banner-title-visibility":"","ast-main-header-display":"","ast-hfb-above-header-display":"","ast-hfb-below-header-display":"","ast-hfb-mobile-header-display":"","site-post-title":"","ast-breadcrumbs-content":"","ast-featured-img":"","footer-sml-layout":"","ast-disable-related-posts":"","theme-transparent-header-meta":"","adv-header-id-meta":"","stick-header-meta":"","header-above-stick-meta":"","header-main-stick-meta":"","header-below-stick-meta":"","astra-migrate-meta-layouts":"default","ast-page-background-enabled":"default","ast-page-background-meta":{"desktop":{"background-color":"var(--ast-global-color-4)","background-image":"","background-repeat":"repeat","background-position":"center center","background-size":"auto","background-attachment":"scroll","background-type":"","background-media":"","overlay-type":"","overlay-color":"","overlay-opacity":"","overlay-gradient":""},"tablet":{"background-color":"","background-image":"","background-repeat":"repeat","background-position":"center center","background-size":"auto","background-attachment":"scroll","background-type":"","background-media":"","overlay-type":"","overlay-color":"","overlay-opacity":"","overlay-gradient":""},"mobile":{"background-color":"","background-image":"","background-repeat":"repeat","background-position":"center center","background-size":"auto","background-attachment":"scroll","background-type":"","background-media":"","overlay-type":"","overlay-color":"","overlay-opacity":"","overlay-gradient":""}},"ast-content-background-meta":{"desktop":{"background-color":"var(--ast-global-color-5)","background-image":"","background-repeat":"repeat","background-position":"center center","background-size":"auto","background-attachment":"scroll","background-type":"","background-media":"","overlay-type":"","overlay-color":"","overlay-opacity":"","overlay-gradient":""},"tablet":{"background-color":"var(--ast-global-color-5)","background-image":"","background-repeat":"repeat","background-position":"center center","background-size":"auto","background-attachment":"scroll","background-type":"","background-media":"","overlay-type":"","overlay-color":"","overlay-opacity":"","overlay-gradient":""},"mobile":{"background-color":"var(--ast-global-color-5)","background-image":"","background-repeat":"repeat","background-position":"center center","background-size":"auto","background-attachment":"scroll","background-type":"","background-media":"","overlay-type":"","overlay-color":"","overlay-opacity":"","overlay-gradient":""}},"footnotes":""},"vardnica":[7],"class_list":["post-403221","page","type-page","status-publish","hentry","vardnica-nenoteikts"],"yoast_head":"<!-- This site is optimized with the Yoast SEO plugin v27.0 - https:\/\/yoast.com\/product\/yoast-seo-wordpress\/ -->\n<title>vilc\u0113j- Upuko.com<\/title>\n<meta name=\"robots\" content=\"index, follow, max-snippet:-1, max-image-preview:large, max-video-preview:-1\" \/>\n<link rel=\"canonical\" href=\"https:\/\/upuko.com\/pl\/vilcej\/\" \/>\n<meta property=\"og:locale\" content=\"pl_PL\" \/>\n<meta property=\"og:type\" content=\"article\" \/>\n<meta property=\"og:title\" content=\"vilc\u0113j- Upuko.com\" \/>\n<meta property=\"og:description\" content=\"vilc\u0113j-:\u00a0nor\u0101da, ka salikte\u0146a otraj\u0101 da\u013c\u0101 nosauktais attiecas uz vilci (1), saist\u012bts ar t\u0101s izmanto\u0161anu (k\u0101) p\u0101rvieto\u0161anai, ar\u012b vilk\u0161anai uz priek\u0161u [&hellip;]\" \/>\n<meta property=\"og:url\" content=\"https:\/\/upuko.com\/pl\/vilcej\/\" \/>\n<meta property=\"og:site_name\" content=\"Upuko.com\" \/>\n<meta name=\"twitter:card\" content=\"summary_large_image\" \/>\n<script type=\"application\/ld+json\" class=\"yoast-schema-graph\">{\"@context\":\"https:\/\/schema.org\",\"@graph\":[{\"@type\":\"WebPage\",\"@id\":\"https:\/\/upuko.com\/vilcej\/\",\"url\":\"https:\/\/upuko.com\/vilcej\/\",\"name\":\"vilc\u0113j- Upuko.com\",\"isPartOf\":{\"@id\":\"https:\/\/upuko.com\/#website\"},\"datePublished\":\"2026-02-13T22:29:33+00:00\",\"breadcrumb\":{\"@id\":\"https:\/\/upuko.com\/vilcej\/#breadcrumb\"},\"inLanguage\":\"pl-PL\",\"potentialAction\":[{\"@type\":\"ReadAction\",\"target\":[\"https:\/\/upuko.com\/vilcej\/\"]}]},{\"@type\":\"BreadcrumbList\",\"@id\":\"https:\/\/upuko.com\/vilcej\/#breadcrumb\",\"itemListElement\":[{\"@type\":\"ListItem\",\"position\":1,\"name\":\"Home\",\"item\":\"https:\/\/upuko.com\/\"},{\"@type\":\"ListItem\",\"position\":2,\"name\":\"vilc\u0113j-\"}]},{\"@type\":\"WebSite\",\"@id\":\"https:\/\/upuko.com\/#website\",\"url\":\"https:\/\/upuko.com\/\",\"name\":\"Upuko.com\",\"description\":\"V\u0101rdu noz\u012bme\",\"publisher\":{\"@id\":\"https:\/\/upuko.com\/#organization\"},\"potentialAction\":[{\"@type\":\"SearchAction\",\"target\":{\"@type\":\"EntryPoint\",\"urlTemplate\":\"https:\/\/upuko.com\/?s={search_term_string}\"},\"query-input\":{\"@type\":\"PropertyValueSpecification\",\"valueRequired\":true,\"valueName\":\"search_term_string\"}}],\"inLanguage\":\"pl-PL\"},{\"@type\":\"Organization\",\"@id\":\"https:\/\/upuko.com\/#organization\",\"name\":\"Upuko.com\",\"url\":\"https:\/\/upuko.com\/\",\"logo\":{\"@type\":\"ImageObject\",\"inLanguage\":\"pl-PL\",\"@id\":\"https:\/\/upuko.com\/#\/schema\/logo\/image\/\",\"url\":\"https:\/\/upuko.com\/wp-content\/uploads\/2026\/01\/upuko-com-logo-1.png\",\"contentUrl\":\"https:\/\/upuko.com\/wp-content\/uploads\/2026\/01\/upuko-com-logo-1.png\",\"width\":1200,\"height\":300,\"caption\":\"Upuko.com\"},\"image\":{\"@id\":\"https:\/\/upuko.com\/#\/schema\/logo\/image\/\"}}]}<\/script>\n<!-- \/ Yoast SEO plugin. -->","yoast_head_json":{"title":"vilc\u0113j- Upuko.com","robots":{"index":"index","follow":"follow","max-snippet":"max-snippet:-1","max-image-preview":"max-image-preview:large","max-video-preview":"max-video-preview:-1"},"canonical":"https:\/\/upuko.com\/pl\/vilcej\/","og_locale":"pl_PL","og_type":"article","og_title":"vilc\u0113j- Upuko.com","og_description":"vilc\u0113j-:\u00a0nor\u0101da, ka salikte\u0146a otraj\u0101 da\u013c\u0101 nosauktais attiecas uz vilci (1), saist\u012bts ar t\u0101s izmanto\u0161anu (k\u0101) p\u0101rvieto\u0161anai, ar\u012b vilk\u0161anai uz priek\u0161u [&hellip;]","og_url":"https:\/\/upuko.com\/pl\/vilcej\/","og_site_name":"Upuko.com","twitter_card":"summary_large_image","schema":{"@context":"https:\/\/schema.org","@graph":[{"@type":"WebPage","@id":"https:\/\/upuko.com\/vilcej\/","url":"https:\/\/upuko.com\/vilcej\/","name":"vilc\u0113j- Upuko.com","isPartOf":{"@id":"https:\/\/upuko.com\/#website"},"datePublished":"2026-02-13T22:29:33+00:00","breadcrumb":{"@id":"https:\/\/upuko.com\/vilcej\/#breadcrumb"},"inLanguage":"pl-PL","potentialAction":[{"@type":"ReadAction","target":["https:\/\/upuko.com\/vilcej\/"]}]},{"@type":"BreadcrumbList","@id":"https:\/\/upuko.com\/vilcej\/#breadcrumb","itemListElement":[{"@type":"ListItem","position":1,"name":"Home","item":"https:\/\/upuko.com\/"},{"@type":"ListItem","position":2,"name":"vilc\u0113j-"}]},{"@type":"WebSite","@id":"https:\/\/upuko.com\/#website","url":"https:\/\/upuko.com\/","name":"Upuko.com","description":"Znaczenie s\u0142\u00f3w","publisher":{"@id":"https:\/\/upuko.com\/#organization"},"potentialAction":[{"@type":"SearchAction","target":{"@type":"EntryPoint","urlTemplate":"https:\/\/upuko.com\/?s={search_term_string}"},"query-input":{"@type":"PropertyValueSpecification","valueRequired":true,"valueName":"search_term_string"}}],"inLanguage":"pl-PL"},{"@type":"Organization","@id":"https:\/\/upuko.com\/#organization","name":"Upuko.com","url":"https:\/\/upuko.com\/","logo":{"@type":"ImageObject","inLanguage":"pl-PL","@id":"https:\/\/upuko.com\/#\/schema\/logo\/image\/","url":"https:\/\/upuko.com\/wp-content\/uploads\/2026\/01\/upuko-com-logo-1.png","contentUrl":"https:\/\/upuko.com\/wp-content\/uploads\/2026\/01\/upuko-com-logo-1.png","width":1200,"height":300,"caption":"Upuko.com"},"image":{"@id":"https:\/\/upuko.com\/#\/schema\/logo\/image\/"}}]}},"_links":{"self":[{"href":"https:\/\/upuko.com\/pl\/wp-json\/wp\/v2\/pages\/403221","targetHints":{"allow":["GET"]}}],"collection":[{"href":"https:\/\/upuko.com\/pl\/wp-json\/wp\/v2\/pages"}],"about":[{"href":"https:\/\/upuko.com\/pl\/wp-json\/wp\/v2\/types\/page"}],"author":[{"embeddable":true,"href":"https:\/\/upuko.com\/pl\/wp-json\/wp\/v2\/users\/1"}],"replies":[{"embeddable":true,"href":"https:\/\/upuko.com\/pl\/wp-json\/wp\/v2\/comments?post=403221"}],"version-history":[{"count":0,"href":"https:\/\/upuko.com\/pl\/wp-json\/wp\/v2\/pages\/403221\/revisions"}],"wp:attachment":[{"href":"https:\/\/upuko.com\/pl\/wp-json\/wp\/v2\/media?parent=403221"}],"wp:term":[{"taxonomy":"vardnica","embeddable":true,"href":"https:\/\/upuko.com\/pl\/wp-json\/wp\/v2\/vardnica?post=403221"}],"curies":[{"name":"wp","href":"https:\/\/api.w.org\/{rel}","templated":true}]}}