{"id":325397,"date":"2026-02-13T17:02:30","date_gmt":"2026-02-13T17:02:30","guid":{"rendered":"https:\/\/upuko.com\/zuliciba\/"},"modified":"2026-02-13T17:02:30","modified_gmt":"2026-02-13T17:02:30","slug":"zuliciba","status":"publish","type":"page","link":"https:\/\/upuko.com\/fi\/zuliciba\/","title":{"rendered":"\u017eu\u013cic\u012bba"},"content":{"rendered":"<p><strong>\u017eu\u013cic\u012bba:<\/strong>\u00a0Bl\u0113d\u012bba<\/p>\n<p>&nbsp;<\/p>\n<p><strong>K\u00e4ytt\u00f6:<\/strong>\u00a0Jargonismi<br \/>\n<strong>Vinkkej\u00e4:<\/strong>\u00a0Etusivu<br \/>\n<strong>Sanaluokka:<\/strong>\u00a0Substantiivi<\/p>","protected":false},"excerpt":{"rendered":"<p>\u017eu\u013cic\u012bba:\u00a0Bl\u0113d\u012bba &nbsp; Lietojums:\u00a0\u017dargonisms Tips:\u00a0Galvenais V\u0101rd\u0161\u0137ira:\u00a0Lietv\u0101rds<\/p>","protected":false},"author":1,"featured_media":0,"parent":0,"menu_order":0,"comment_status":"closed","ping_status":"open","template":"","meta":{"site-sidebar-layout":"default","site-content-layout":"","ast-site-content-layout":"default","site-content-style":"default","site-sidebar-style":"default","ast-global-header-display":"","ast-banner-title-visibility":"","ast-main-header-display":"","ast-hfb-above-header-display":"","ast-hfb-below-header-display":"","ast-hfb-mobile-header-display":"","site-post-title":"","ast-breadcrumbs-content":"","ast-featured-img":"","footer-sml-layout":"","ast-disable-related-posts":"","theme-transparent-header-meta":"","adv-header-id-meta":"","stick-header-meta":"","header-above-stick-meta":"","header-main-stick-meta":"","header-below-stick-meta":"","astra-migrate-meta-layouts":"default","ast-page-background-enabled":"default","ast-page-background-meta":{"desktop":{"background-color":"var(--ast-global-color-4)","background-image":"","background-repeat":"repeat","background-position":"center center","background-size":"auto","background-attachment":"scroll","background-type":"","background-media":"","overlay-type":"","overlay-color":"","overlay-opacity":"","overlay-gradient":""},"tablet":{"background-color":"","background-image":"","background-repeat":"repeat","background-position":"center center","background-size":"auto","background-attachment":"scroll","background-type":"","background-media":"","overlay-type":"","overlay-color":"","overlay-opacity":"","overlay-gradient":""},"mobile":{"background-color":"","background-image":"","background-repeat":"repeat","background-position":"center center","background-size":"auto","background-attachment":"scroll","background-type":"","background-media":"","overlay-type":"","overlay-color":"","overlay-opacity":"","overlay-gradient":""}},"ast-content-background-meta":{"desktop":{"background-color":"var(--ast-global-color-5)","background-image":"","background-repeat":"repeat","background-position":"center center","background-size":"auto","background-attachment":"scroll","background-type":"","background-media":"","overlay-type":"","overlay-color":"","overlay-opacity":"","overlay-gradient":""},"tablet":{"background-color":"var(--ast-global-color-5)","background-image":"","background-repeat":"repeat","background-position":"center center","background-size":"auto","background-attachment":"scroll","background-type":"","background-media":"","overlay-type":"","overlay-color":"","overlay-opacity":"","overlay-gradient":""},"mobile":{"background-color":"var(--ast-global-color-5)","background-image":"","background-repeat":"repeat","background-position":"center center","background-size":"auto","background-attachment":"scroll","background-type":"","background-media":"","overlay-type":"","overlay-color":"","overlay-opacity":"","overlay-gradient":""}},"footnotes":""},"vardnica":[13],"class_list":["post-325397","page","type-page","status-publish","hentry","vardnica-zargonisms"],"yoast_head":"<!-- This site is optimized with the Yoast SEO plugin v27.0 - https:\/\/yoast.com\/product\/yoast-seo-wordpress\/ -->\n<title>\u017eu\u013cic\u012bba - Upuko.com<\/title>\n<meta name=\"robots\" content=\"index, follow, max-snippet:-1, max-image-preview:large, max-video-preview:-1\" \/>\n<link rel=\"canonical\" href=\"https:\/\/upuko.com\/fi\/zuliciba\/\" \/>\n<meta property=\"og:locale\" content=\"fi_FI\" \/>\n<meta property=\"og:type\" content=\"article\" \/>\n<meta property=\"og:title\" content=\"\u017eu\u013cic\u012bba - Upuko.com\" \/>\n<meta property=\"og:description\" content=\"\u017eu\u013cic\u012bba:\u00a0Bl\u0113d\u012bba &nbsp; Lietojums:\u00a0\u017dargonisms Tips:\u00a0Galvenais V\u0101rd\u0161\u0137ira:\u00a0Lietv\u0101rds\" \/>\n<meta property=\"og:url\" content=\"https:\/\/upuko.com\/fi\/zuliciba\/\" \/>\n<meta property=\"og:site_name\" content=\"Upuko.com\" \/>\n<meta name=\"twitter:card\" content=\"summary_large_image\" \/>\n<script type=\"application\/ld+json\" class=\"yoast-schema-graph\">{\"@context\":\"https:\/\/schema.org\",\"@graph\":[{\"@type\":\"WebPage\",\"@id\":\"https:\/\/upuko.com\/zuliciba\/\",\"url\":\"https:\/\/upuko.com\/zuliciba\/\",\"name\":\"\u017eu\u013cic\u012bba - Upuko.com\",\"isPartOf\":{\"@id\":\"https:\/\/upuko.com\/#website\"},\"datePublished\":\"2026-02-13T17:02:30+00:00\",\"breadcrumb\":{\"@id\":\"https:\/\/upuko.com\/zuliciba\/#breadcrumb\"},\"inLanguage\":\"fi\",\"potentialAction\":[{\"@type\":\"ReadAction\",\"target\":[\"https:\/\/upuko.com\/zuliciba\/\"]}]},{\"@type\":\"BreadcrumbList\",\"@id\":\"https:\/\/upuko.com\/zuliciba\/#breadcrumb\",\"itemListElement\":[{\"@type\":\"ListItem\",\"position\":1,\"name\":\"Home\",\"item\":\"https:\/\/upuko.com\/\"},{\"@type\":\"ListItem\",\"position\":2,\"name\":\"\u017eu\u013cic\u012bba\"}]},{\"@type\":\"WebSite\",\"@id\":\"https:\/\/upuko.com\/#website\",\"url\":\"https:\/\/upuko.com\/\",\"name\":\"Upuko.com\",\"description\":\"V\u0101rdu noz\u012bme\",\"publisher\":{\"@id\":\"https:\/\/upuko.com\/#organization\"},\"potentialAction\":[{\"@type\":\"SearchAction\",\"target\":{\"@type\":\"EntryPoint\",\"urlTemplate\":\"https:\/\/upuko.com\/?s={search_term_string}\"},\"query-input\":{\"@type\":\"PropertyValueSpecification\",\"valueRequired\":true,\"valueName\":\"search_term_string\"}}],\"inLanguage\":\"fi\"},{\"@type\":\"Organization\",\"@id\":\"https:\/\/upuko.com\/#organization\",\"name\":\"Upuko.com\",\"url\":\"https:\/\/upuko.com\/\",\"logo\":{\"@type\":\"ImageObject\",\"inLanguage\":\"fi\",\"@id\":\"https:\/\/upuko.com\/#\/schema\/logo\/image\/\",\"url\":\"https:\/\/upuko.com\/wp-content\/uploads\/2026\/01\/upuko-com-logo-1.png\",\"contentUrl\":\"https:\/\/upuko.com\/wp-content\/uploads\/2026\/01\/upuko-com-logo-1.png\",\"width\":1200,\"height\":300,\"caption\":\"Upuko.com\"},\"image\":{\"@id\":\"https:\/\/upuko.com\/#\/schema\/logo\/image\/\"}}]}<\/script>\n<!-- \/ Yoast SEO plugin. -->","yoast_head_json":{"title":"\u017eu\u013cic\u012bba - Upuko.com","robots":{"index":"index","follow":"follow","max-snippet":"max-snippet:-1","max-image-preview":"max-image-preview:large","max-video-preview":"max-video-preview:-1"},"canonical":"https:\/\/upuko.com\/fi\/zuliciba\/","og_locale":"fi_FI","og_type":"article","og_title":"\u017eu\u013cic\u012bba - Upuko.com","og_description":"\u017eu\u013cic\u012bba:\u00a0Bl\u0113d\u012bba &nbsp; Lietojums:\u00a0\u017dargonisms Tips:\u00a0Galvenais V\u0101rd\u0161\u0137ira:\u00a0Lietv\u0101rds","og_url":"https:\/\/upuko.com\/fi\/zuliciba\/","og_site_name":"Upuko.com","twitter_card":"summary_large_image","schema":{"@context":"https:\/\/schema.org","@graph":[{"@type":"WebPage","@id":"https:\/\/upuko.com\/zuliciba\/","url":"https:\/\/upuko.com\/zuliciba\/","name":"\u017eu\u013cic\u012bba - Upuko.com","isPartOf":{"@id":"https:\/\/upuko.com\/#website"},"datePublished":"2026-02-13T17:02:30+00:00","breadcrumb":{"@id":"https:\/\/upuko.com\/zuliciba\/#breadcrumb"},"inLanguage":"fi","potentialAction":[{"@type":"ReadAction","target":["https:\/\/upuko.com\/zuliciba\/"]}]},{"@type":"BreadcrumbList","@id":"https:\/\/upuko.com\/zuliciba\/#breadcrumb","itemListElement":[{"@type":"ListItem","position":1,"name":"Home","item":"https:\/\/upuko.com\/"},{"@type":"ListItem","position":2,"name":"\u017eu\u013cic\u012bba"}]},{"@type":"WebSite","@id":"https:\/\/upuko.com\/#website","url":"https:\/\/upuko.com\/","name":"Upuko.com","description":"Sanojen merkitys","publisher":{"@id":"https:\/\/upuko.com\/#organization"},"potentialAction":[{"@type":"SearchAction","target":{"@type":"EntryPoint","urlTemplate":"https:\/\/upuko.com\/?s={search_term_string}"},"query-input":{"@type":"PropertyValueSpecification","valueRequired":true,"valueName":"search_term_string"}}],"inLanguage":"fi"},{"@type":"Organization","@id":"https:\/\/upuko.com\/#organization","name":"Upuko.com","url":"https:\/\/upuko.com\/","logo":{"@type":"ImageObject","inLanguage":"fi","@id":"https:\/\/upuko.com\/#\/schema\/logo\/image\/","url":"https:\/\/upuko.com\/wp-content\/uploads\/2026\/01\/upuko-com-logo-1.png","contentUrl":"https:\/\/upuko.com\/wp-content\/uploads\/2026\/01\/upuko-com-logo-1.png","width":1200,"height":300,"caption":"Upuko.com"},"image":{"@id":"https:\/\/upuko.com\/#\/schema\/logo\/image\/"}}]}},"_links":{"self":[{"href":"https:\/\/upuko.com\/fi\/wp-json\/wp\/v2\/pages\/325397","targetHints":{"allow":["GET"]}}],"collection":[{"href":"https:\/\/upuko.com\/fi\/wp-json\/wp\/v2\/pages"}],"about":[{"href":"https:\/\/upuko.com\/fi\/wp-json\/wp\/v2\/types\/page"}],"author":[{"embeddable":true,"href":"https:\/\/upuko.com\/fi\/wp-json\/wp\/v2\/users\/1"}],"replies":[{"embeddable":true,"href":"https:\/\/upuko.com\/fi\/wp-json\/wp\/v2\/comments?post=325397"}],"version-history":[{"count":1,"href":"https:\/\/upuko.com\/fi\/wp-json\/wp\/v2\/pages\/325397\/revisions"}],"predecessor-version":[{"id":325440,"href":"https:\/\/upuko.com\/fi\/wp-json\/wp\/v2\/pages\/325397\/revisions\/325440"}],"wp:attachment":[{"href":"https:\/\/upuko.com\/fi\/wp-json\/wp\/v2\/media?parent=325397"}],"wp:term":[{"taxonomy":"vardnica","embeddable":true,"href":"https:\/\/upuko.com\/fi\/wp-json\/wp\/v2\/vardnica?post=325397"}],"curies":[{"name":"wp","href":"https:\/\/api.w.org\/{rel}","templated":true}]}}