{"id":712,"date":"2026-02-11T21:44:18","date_gmt":"2026-02-11T21:44:18","guid":{"rendered":"https:\/\/nozime-lv-astra-main-pages.mystagingwebsite.com\/?page_id=712"},"modified":"2026-02-19T21:54:05","modified_gmt":"2026-02-19T21:54:05","slug":"podminky-pouzivani-portalu","status":"publish","type":"page","link":"https:\/\/upuko.com\/cs\/portala-lietosanas-noteikumi\/","title":{"rendered":"PODM\u00cdNKY POU\u017d\u00cdV\u00c1N\u00cd PORT\u00c1LU"},"content":{"rendered":"<p>\u00da\u010dinnost od 2. \u00fanora 2026 <\/p>\n\n\n\n<p>&nbsp;<\/p>\n\n\n\n<h3 class=\"wp-block-heading\">1. Obecn\u00e1 pravidla<\/h3>\n\n\n\n<p>1. 1. Port\u00e1l je vlastn\u011bn a spravov\u00e1n spole\u010dnost\u00ed Foxily Ltd.<\/p>\n\n\n\n<p>1.2 Podm\u00ednky pou\u017e\u00edv\u00e1n\u00ed port\u00e1lu (d\u00e1le jen \u201ePodm\u00ednky\u201d) stanov\u00ed postup pro pou\u017e\u00edv\u00e1n\u00ed port\u00e1lu (d\u00e1le jen \u201eport\u00e1l\u201d). Pou\u017e\u00edv\u00e1n\u00edm port\u00e1lu se u\u017eivatel (d\u00e1le jen \u201eu\u017eivatel\u201d) zavazuje dodr\u017eovat tyto Podm\u00ednky a odpov\u00edd\u00e1 za \u010dinnosti prov\u00e1d\u011bn\u00e9 na port\u00e1lu v souladu s pr\u00e1vn\u00edmi p\u0159edpisy platn\u00fdmi v Loty\u0161sk\u00e9 republice. U\u017eivatel souhlas\u00ed s t\u00edm, \u017ee port\u00e1l m\u016f\u017ee tyto podm\u00ednky kdykoli aktualizovat a m\u011bnit.<\/p>\n\n\n\n<p>1.3 Pokud u\u017eivatel nedodr\u017euje nebo poru\u0161uje tyto podm\u00ednky, je spr\u00e1va port\u00e1lu opr\u00e1vn\u011bna kdykoli bez p\u0159edchoz\u00edho upozorn\u011bn\u00ed omezit nebo odep\u0159\u00edt u\u017eivateli p\u0159\u00edstup na port\u00e1l.<\/p>\n\n\n\n<p>1.4 Jak\u00e9koli dotazy, ozn\u00e1men\u00ed, st\u00ed\u017enosti nebo \u017e\u00e1dosti t\u00fdkaj\u00edc\u00ed se vymaz\u00e1n\u00ed obsahu zas\u00edlejte na e-mailovou adresu spr\u00e1vy webov\u00fdch str\u00e1nek: info@foxily.net.<\/p>\n\n\n\n<p>1.5 Pou\u017e\u00edv\u00e1n\u00edm tohoto port\u00e1lu u\u017eivatel\u00e9 souhlas\u00ed s t\u00edm, \u017ee spole\u010dnost Foxily s.r.o. nenese odpov\u011bdnost za jak\u00e9koli \u0161kody, kter\u00e9 vzniknou u\u017eivateli nebo t\u0159et\u00edm stran\u00e1m v d\u016fsledku pou\u017e\u00edv\u00e1n\u00ed tohoto port\u00e1lu nebo v d\u016fsledku chyb na port\u00e1lu.<\/p>\n\n\n\n<p>1.6 Pou\u017e\u00edv\u00e1n\u00ed n\u00e1stroj\u016f pro blokov\u00e1n\u00ed reklamy je p\u0159i prohl\u00ed\u017een\u00ed obsahu webov\u00fdch str\u00e1nek p\u0159\u00edsn\u011b zak\u00e1z\u00e1no. Spole\u010dnost Foxily s.r.o. nenese odpov\u011bdnost za \u0161kody, kter\u00e9 U\u017eivatel nebo t\u0159et\u00ed strany utrp\u00ed v d\u016fsledku pou\u017e\u00edv\u00e1n\u00ed n\u00e1stroj\u016f pro blokov\u00e1n\u00ed reklamy.<\/p>\n\n\n\n<p>1.7 Je zak\u00e1z\u00e1no znovu publikovat obsah port\u00e1lu bez p\u0159edchoz\u00edho souhlasu.<\/p>\n\n\n\n<p>1.8 Zdrojem v\u00fdznamu slov je thesaurs.lv<\/p>\n\n\n\n<p>&nbsp;<\/p>\n\n\n\n<h3 class=\"wp-block-heading\">2. Zpracov\u00e1n\u00ed osobn\u00edch \u00fadaj\u016f<\/h3>\n\n\n\n<p>&nbsp;<\/p>\n\n\n\n<p>2.1 Informace, kter\u00e9 spole\u010dnost Foxily Ltd shroma\u017e\u010fuje ze v\u0161ech slu\u017eeb na webov\u00fdch str\u00e1nk\u00e1ch, se pou\u017e\u00edvaj\u00ed k poskytov\u00e1n\u00ed, \u00fadr\u017eb\u011b, ochran\u011b a zlep\u0161ov\u00e1n\u00ed st\u00e1vaj\u00edc\u00edch slu\u017eeb, k v\u00fdvoji nov\u00fdch slu\u017eeb a k ochran\u011b u\u017eivatel\u016f. Shrom\u00e1\u017ed\u011bn\u00e9 informace se rovn\u011b\u017e pou\u017e\u00edvaj\u00ed k poskytov\u00e1n\u00ed personalizovan\u00e9ho obsahu a reklamy U\u017eivatel\u016fm.<\/p>\n\n\n\n<p>2.2 Port\u00e1l pou\u017e\u00edv\u00e1 soubory cookie. V\u00edce informac\u00ed o na\u0161ich z\u00e1sad\u00e1ch pou\u017e\u00edv\u00e1n\u00ed soubor\u016f cookie naleznete v sekci Soubory cookie.<\/p>\n\n\n\n<p>&nbsp;<\/p>\n\n\n\n<p><strong>Na\u0159\u00edzen\u00ed bylo revidov\u00e1no 19. \u00fanora 2026.<\/strong><\/p>\n\n\n\n<p><\/p>","protected":false},"excerpt":{"rendered":"<p>Sp\u0113k\u0101 no 2026.gada 2. febru\u0101ra &nbsp; 1. Visp\u0101r\u012bgie noteikumi 1. 1. Port\u0101ls pieder un to administr\u0113 SIA Foxily. 1.2. Port\u0101la [&hellip;]<\/p>\n","protected":false},"author":1,"featured_media":0,"parent":0,"menu_order":0,"comment_status":"closed","ping_status":"closed","template":"","meta":{"site-sidebar-layout":"default","site-content-layout":"","ast-site-content-layout":"default","site-content-style":"default","site-sidebar-style":"default","ast-global-header-display":"","ast-banner-title-visibility":"","ast-main-header-display":"","ast-hfb-above-header-display":"","ast-hfb-below-header-display":"","ast-hfb-mobile-header-display":"","site-post-title":"","ast-breadcrumbs-content":"","ast-featured-img":"","footer-sml-layout":"","ast-disable-related-posts":"","theme-transparent-header-meta":"","adv-header-id-meta":"","stick-header-meta":"","header-above-stick-meta":"","header-main-stick-meta":"","header-below-stick-meta":"","astra-migrate-meta-layouts":"default","ast-page-background-enabled":"default","ast-page-background-meta":{"desktop":{"background-color":"var(--ast-global-color-4)","background-image":"","background-repeat":"repeat","background-position":"center center","background-size":"auto","background-attachment":"scroll","background-type":"","background-media":"","overlay-type":"","overlay-color":"","overlay-opacity":"","overlay-gradient":""},"tablet":{"background-color":"","background-image":"","background-repeat":"repeat","background-position":"center center","background-size":"auto","background-attachment":"scroll","background-type":"","background-media":"","overlay-type":"","overlay-color":"","overlay-opacity":"","overlay-gradient":""},"mobile":{"background-color":"","background-image":"","background-repeat":"repeat","background-position":"center center","background-size":"auto","background-attachment":"scroll","background-type":"","background-media":"","overlay-type":"","overlay-color":"","overlay-opacity":"","overlay-gradient":""}},"ast-content-background-meta":{"desktop":{"background-color":"var(--ast-global-color-5)","background-image":"","background-repeat":"repeat","background-position":"center center","background-size":"auto","background-attachment":"scroll","background-type":"","background-media":"","overlay-type":"","overlay-color":"","overlay-opacity":"","overlay-gradient":""},"tablet":{"background-color":"var(--ast-global-color-5)","background-image":"","background-repeat":"repeat","background-position":"center center","background-size":"auto","background-attachment":"scroll","background-type":"","background-media":"","overlay-type":"","overlay-color":"","overlay-opacity":"","overlay-gradient":""},"mobile":{"background-color":"var(--ast-global-color-5)","background-image":"","background-repeat":"repeat","background-position":"center center","background-size":"auto","background-attachment":"scroll","background-type":"","background-media":"","overlay-type":"","overlay-color":"","overlay-opacity":"","overlay-gradient":""}},"footnotes":""},"vardnica":[],"class_list":["post-712","page","type-page","status-publish","hentry"],"yoast_head":"<!-- This site is optimized with the Yoast SEO plugin v27.0 - https:\/\/yoast.com\/product\/yoast-seo-wordpress\/ -->\n<title>PORT\u0100LA LIETO\u0160ANAS NOTEIKUMI - Upuko.com<\/title>\n<meta name=\"robots\" content=\"index, follow, max-snippet:-1, max-image-preview:large, max-video-preview:-1\" \/>\n<link rel=\"canonical\" href=\"https:\/\/upuko.com\/cs\/podminky-pouzivani-portalu\/\" \/>\n<meta property=\"og:locale\" content=\"cs_CZ\" \/>\n<meta property=\"og:type\" content=\"article\" \/>\n<meta property=\"og:title\" content=\"PORT\u0100LA LIETO\u0160ANAS NOTEIKUMI - Upuko.com\" \/>\n<meta property=\"og:description\" content=\"Sp\u0113k\u0101 no 2026.gada 2. febru\u0101ra &nbsp; 1. Visp\u0101r\u012bgie noteikumi 1. 1. Port\u0101ls pieder un to administr\u0113 SIA Foxily. 1.2. Port\u0101la [&hellip;]\" \/>\n<meta property=\"og:url\" content=\"https:\/\/upuko.com\/cs\/podminky-pouzivani-portalu\/\" \/>\n<meta property=\"og:site_name\" content=\"Upuko.com\" \/>\n<meta property=\"article:modified_time\" content=\"2026-02-19T21:54:05+00:00\" \/>\n<meta name=\"twitter:card\" content=\"summary_large_image\" \/>\n<meta name=\"twitter:label1\" content=\"Odhadovan\u00e1 doba \u010dten\u00ed\" \/>\n\t<meta name=\"twitter:data1\" content=\"2 minuty\" \/>\n<script type=\"application\/ld+json\" class=\"yoast-schema-graph\">{\"@context\":\"https:\/\/schema.org\",\"@graph\":[{\"@type\":\"WebPage\",\"@id\":\"https:\/\/upuko.com\/portala-lietosanas-noteikumi\/\",\"url\":\"https:\/\/upuko.com\/portala-lietosanas-noteikumi\/\",\"name\":\"PORT\u0100LA LIETO\u0160ANAS NOTEIKUMI - Upuko.com\",\"isPartOf\":{\"@id\":\"https:\/\/upuko.com\/#website\"},\"datePublished\":\"2026-02-11T21:44:18+00:00\",\"dateModified\":\"2026-02-19T21:54:05+00:00\",\"breadcrumb\":{\"@id\":\"https:\/\/upuko.com\/portala-lietosanas-noteikumi\/#breadcrumb\"},\"inLanguage\":\"cs\",\"potentialAction\":[{\"@type\":\"ReadAction\",\"target\":[\"https:\/\/upuko.com\/portala-lietosanas-noteikumi\/\"]}]},{\"@type\":\"BreadcrumbList\",\"@id\":\"https:\/\/upuko.com\/portala-lietosanas-noteikumi\/#breadcrumb\",\"itemListElement\":[{\"@type\":\"ListItem\",\"position\":1,\"name\":\"Home\",\"item\":\"https:\/\/upuko.com\/\"},{\"@type\":\"ListItem\",\"position\":2,\"name\":\"PORT\u0100LA LIETO\u0160ANAS NOTEIKUMI\"}]},{\"@type\":\"WebSite\",\"@id\":\"https:\/\/upuko.com\/#website\",\"url\":\"https:\/\/upuko.com\/\",\"name\":\"Upuko.com\",\"description\":\"V\u0101rdu noz\u012bme\",\"publisher\":{\"@id\":\"https:\/\/upuko.com\/#organization\"},\"potentialAction\":[{\"@type\":\"SearchAction\",\"target\":{\"@type\":\"EntryPoint\",\"urlTemplate\":\"https:\/\/upuko.com\/?s={search_term_string}\"},\"query-input\":{\"@type\":\"PropertyValueSpecification\",\"valueRequired\":true,\"valueName\":\"search_term_string\"}}],\"inLanguage\":\"cs\"},{\"@type\":\"Organization\",\"@id\":\"https:\/\/upuko.com\/#organization\",\"name\":\"Upuko.com\",\"url\":\"https:\/\/upuko.com\/\",\"logo\":{\"@type\":\"ImageObject\",\"inLanguage\":\"cs\",\"@id\":\"https:\/\/upuko.com\/#\/schema\/logo\/image\/\",\"url\":\"https:\/\/upuko.com\/wp-content\/uploads\/2026\/01\/upuko-com-logo-1.png\",\"contentUrl\":\"https:\/\/upuko.com\/wp-content\/uploads\/2026\/01\/upuko-com-logo-1.png\",\"width\":1200,\"height\":300,\"caption\":\"Upuko.com\"},\"image\":{\"@id\":\"https:\/\/upuko.com\/#\/schema\/logo\/image\/\"}}]}<\/script>\n<!-- \/ Yoast SEO plugin. -->","yoast_head_json":{"title":"PODM\u00cdNKY POU\u017d\u00cdV\u00c1N\u00cd PORT\u00c1LU - Upuko.com","robots":{"index":"index","follow":"follow","max-snippet":"max-snippet:-1","max-image-preview":"max-image-preview:large","max-video-preview":"max-video-preview:-1"},"canonical":"https:\/\/upuko.com\/cs\/podminky-pouzivani-portalu\/","og_locale":"cs_CZ","og_type":"article","og_title":"PORT\u0100LA LIETO\u0160ANAS NOTEIKUMI - Upuko.com","og_description":"Sp\u0113k\u0101 no 2026.gada 2. febru\u0101ra &nbsp; 1. Visp\u0101r\u012bgie noteikumi 1. 1. Port\u0101ls pieder un to administr\u0113 SIA Foxily. 1.2. Port\u0101la [&hellip;]","og_url":"https:\/\/upuko.com\/cs\/podminky-pouzivani-portalu\/","og_site_name":"Upuko.com","article_modified_time":"2026-02-19T21:54:05+00:00","twitter_card":"summary_large_image","twitter_misc":{"Odhadovan\u00e1 doba \u010dten\u00ed":"2 minuty"},"schema":{"@context":"https:\/\/schema.org","@graph":[{"@type":"WebPage","@id":"https:\/\/upuko.com\/portala-lietosanas-noteikumi\/","url":"https:\/\/upuko.com\/portala-lietosanas-noteikumi\/","name":"PODM\u00cdNKY POU\u017d\u00cdV\u00c1N\u00cd PORT\u00c1LU - Upuko.com","isPartOf":{"@id":"https:\/\/upuko.com\/#website"},"datePublished":"2026-02-11T21:44:18+00:00","dateModified":"2026-02-19T21:54:05+00:00","breadcrumb":{"@id":"https:\/\/upuko.com\/portala-lietosanas-noteikumi\/#breadcrumb"},"inLanguage":"cs","potentialAction":[{"@type":"ReadAction","target":["https:\/\/upuko.com\/portala-lietosanas-noteikumi\/"]}]},{"@type":"BreadcrumbList","@id":"https:\/\/upuko.com\/portala-lietosanas-noteikumi\/#breadcrumb","itemListElement":[{"@type":"ListItem","position":1,"name":"Home","item":"https:\/\/upuko.com\/"},{"@type":"ListItem","position":2,"name":"PORT\u0100LA LIETO\u0160ANAS NOTEIKUMI"}]},{"@type":"WebSite","@id":"https:\/\/upuko.com\/#website","url":"https:\/\/upuko.com\/","name":"Upuko.com","description":"V\u00fdznam slov","publisher":{"@id":"https:\/\/upuko.com\/#organization"},"potentialAction":[{"@type":"SearchAction","target":{"@type":"EntryPoint","urlTemplate":"https:\/\/upuko.com\/?s={search_term_string}"},"query-input":{"@type":"PropertyValueSpecification","valueRequired":true,"valueName":"search_term_string"}}],"inLanguage":"cs"},{"@type":"Organization","@id":"https:\/\/upuko.com\/#organization","name":"Upuko.com","url":"https:\/\/upuko.com\/","logo":{"@type":"ImageObject","inLanguage":"cs","@id":"https:\/\/upuko.com\/#\/schema\/logo\/image\/","url":"https:\/\/upuko.com\/wp-content\/uploads\/2026\/01\/upuko-com-logo-1.png","contentUrl":"https:\/\/upuko.com\/wp-content\/uploads\/2026\/01\/upuko-com-logo-1.png","width":1200,"height":300,"caption":"Upuko.com"},"image":{"@id":"https:\/\/upuko.com\/#\/schema\/logo\/image\/"}}]}},"_links":{"self":[{"href":"https:\/\/upuko.com\/cs\/wp-json\/wp\/v2\/pages\/712","targetHints":{"allow":["GET"]}}],"collection":[{"href":"https:\/\/upuko.com\/cs\/wp-json\/wp\/v2\/pages"}],"about":[{"href":"https:\/\/upuko.com\/cs\/wp-json\/wp\/v2\/types\/page"}],"author":[{"embeddable":true,"href":"https:\/\/upuko.com\/cs\/wp-json\/wp\/v2\/users\/1"}],"replies":[{"embeddable":true,"href":"https:\/\/upuko.com\/cs\/wp-json\/wp\/v2\/comments?post=712"}],"version-history":[{"count":3,"href":"https:\/\/upuko.com\/cs\/wp-json\/wp\/v2\/pages\/712\/revisions"}],"predecessor-version":[{"id":403250,"href":"https:\/\/upuko.com\/cs\/wp-json\/wp\/v2\/pages\/712\/revisions\/403250"}],"wp:attachment":[{"href":"https:\/\/upuko.com\/cs\/wp-json\/wp\/v2\/media?parent=712"}],"wp:term":[{"taxonomy":"vardnica","embeddable":true,"href":"https:\/\/upuko.com\/cs\/wp-json\/wp\/v2\/vardnica?post=712"}],"curies":[{"name":"wp","href":"https:\/\/api.w.org\/{rel}","templated":true}]}}