{"id":399589,"date":"2026-02-13T22:15:31","date_gmt":"2026-02-13T22:15:31","guid":{"rendered":"https:\/\/upuko.com\/visbijas-tiesibas\/"},"modified":"2026-02-13T22:15:31","modified_gmt":"2026-02-13T22:15:31","slug":"visbijas-tiesibas","status":"publish","type":"page","link":"https:\/\/upuko.com\/cs\/visbijas-tiesibas\/","title":{"rendered":"Visbijas ties\u012bbas"},"content":{"rendered":"<p><strong>Visbijas ties\u012bbas:<\/strong>\u00a0Visbijas pils\u0113tas v\u0101cu tirgot\u0101ju ties\u012bbas, ko R\u012bgas b\u012bskaps Alberts 1211. g. pie\u0161\u0137\u012bra Gotlandes tirgot\u0101jiem R\u012bg\u0101 un cit\u0101s Livonijas ost\u0101s, atbr\u012bvojot tos no muitas, tiesas divkaujas, karstas dzelzs p\u0101rbaud\u012bjuma un krasta tiesas; v\u0113l\u0101k t\u0101s k\u013cuva par par pirmaj\u0101m R\u012bgas pils\u0113tas ties\u012bb\u0101m<\/p>\n<p>&nbsp;<\/p>\n<p><strong>Pou\u017eit\u00ed:<\/strong>\u00a0Historick\u00e9 str\u00e1nky<br \/>\n<strong>Tipy:<\/strong>\u00a0V\u00fdraz v mno\u017en\u00e9m \u010d\u00edsle<br \/>\n<strong>T\u0159\u00edda slov:<\/strong>\u00a0Nedefinovan\u00e9<\/p>","protected":false},"excerpt":{"rendered":"<p>Visbijas ties\u012bbas:\u00a0Visbijas pils\u0113tas v\u0101cu tirgot\u0101ju ties\u012bbas, ko R\u012bgas b\u012bskaps Alberts 1211. g. pie\u0161\u0137\u012bra Gotlandes tirgot\u0101jiem R\u012bg\u0101 un cit\u0101s Livonijas ost\u0101s, [&hellip;]<\/p>\n","protected":false},"author":1,"featured_media":0,"parent":0,"menu_order":0,"comment_status":"closed","ping_status":"open","template":"","meta":{"site-sidebar-layout":"default","site-content-layout":"","ast-site-content-layout":"default","site-content-style":"default","site-sidebar-style":"default","ast-global-header-display":"","ast-banner-title-visibility":"","ast-main-header-display":"","ast-hfb-above-header-display":"","ast-hfb-below-header-display":"","ast-hfb-mobile-header-display":"","site-post-title":"","ast-breadcrumbs-content":"","ast-featured-img":"","footer-sml-layout":"","ast-disable-related-posts":"","theme-transparent-header-meta":"","adv-header-id-meta":"","stick-header-meta":"","header-above-stick-meta":"","header-main-stick-meta":"","header-below-stick-meta":"","astra-migrate-meta-layouts":"default","ast-page-background-enabled":"default","ast-page-background-meta":{"desktop":{"background-color":"var(--ast-global-color-4)","background-image":"","background-repeat":"repeat","background-position":"center center","background-size":"auto","background-attachment":"scroll","background-type":"","background-media":"","overlay-type":"","overlay-color":"","overlay-opacity":"","overlay-gradient":""},"tablet":{"background-color":"","background-image":"","background-repeat":"repeat","background-position":"center center","background-size":"auto","background-attachment":"scroll","background-type":"","background-media":"","overlay-type":"","overlay-color":"","overlay-opacity":"","overlay-gradient":""},"mobile":{"background-color":"","background-image":"","background-repeat":"repeat","background-position":"center center","background-size":"auto","background-attachment":"scroll","background-type":"","background-media":"","overlay-type":"","overlay-color":"","overlay-opacity":"","overlay-gradient":""}},"ast-content-background-meta":{"desktop":{"background-color":"var(--ast-global-color-5)","background-image":"","background-repeat":"repeat","background-position":"center center","background-size":"auto","background-attachment":"scroll","background-type":"","background-media":"","overlay-type":"","overlay-color":"","overlay-opacity":"","overlay-gradient":""},"tablet":{"background-color":"var(--ast-global-color-5)","background-image":"","background-repeat":"repeat","background-position":"center center","background-size":"auto","background-attachment":"scroll","background-type":"","background-media":"","overlay-type":"","overlay-color":"","overlay-opacity":"","overlay-gradient":""},"mobile":{"background-color":"var(--ast-global-color-5)","background-image":"","background-repeat":"repeat","background-position":"center center","background-size":"auto","background-attachment":"scroll","background-type":"","background-media":"","overlay-type":"","overlay-color":"","overlay-opacity":"","overlay-gradient":""}},"footnotes":""},"vardnica":[9],"class_list":["post-399589","page","type-page","status-publish","hentry","vardnica-vesturisks"],"yoast_head":"<!-- This site is optimized with the Yoast SEO plugin v27.0 - https:\/\/yoast.com\/product\/yoast-seo-wordpress\/ -->\n<title>Visbijas ties\u012bbas - Upuko.com<\/title>\n<meta name=\"robots\" content=\"index, follow, max-snippet:-1, max-image-preview:large, max-video-preview:-1\" \/>\n<link rel=\"canonical\" href=\"https:\/\/upuko.com\/cs\/visbijas-tiesibas\/\" \/>\n<meta property=\"og:locale\" content=\"cs_CZ\" \/>\n<meta property=\"og:type\" content=\"article\" \/>\n<meta property=\"og:title\" content=\"Visbijas ties\u012bbas - Upuko.com\" \/>\n<meta property=\"og:description\" content=\"Visbijas ties\u012bbas:\u00a0Visbijas pils\u0113tas v\u0101cu tirgot\u0101ju ties\u012bbas, ko R\u012bgas b\u012bskaps Alberts 1211. g. pie\u0161\u0137\u012bra Gotlandes tirgot\u0101jiem R\u012bg\u0101 un cit\u0101s Livonijas ost\u0101s, [&hellip;]\" \/>\n<meta property=\"og:url\" content=\"https:\/\/upuko.com\/cs\/visbijas-tiesibas\/\" \/>\n<meta property=\"og:site_name\" content=\"Upuko.com\" \/>\n<meta name=\"twitter:card\" content=\"summary_large_image\" \/>\n<script type=\"application\/ld+json\" class=\"yoast-schema-graph\">{\"@context\":\"https:\/\/schema.org\",\"@graph\":[{\"@type\":\"WebPage\",\"@id\":\"https:\/\/upuko.com\/fi\/visbijas-tiesibas\/\",\"url\":\"https:\/\/upuko.com\/fi\/visbijas-tiesibas\/\",\"name\":\"Visbijas ties\u012bbas - Upuko.com\",\"isPartOf\":{\"@id\":\"https:\/\/upuko.com\/#website\"},\"datePublished\":\"2026-02-13T22:15:31+00:00\",\"breadcrumb\":{\"@id\":\"https:\/\/upuko.com\/fi\/visbijas-tiesibas\/#breadcrumb\"},\"inLanguage\":\"cs\",\"potentialAction\":[{\"@type\":\"ReadAction\",\"target\":[\"https:\/\/upuko.com\/fi\/visbijas-tiesibas\/\"]}]},{\"@type\":\"BreadcrumbList\",\"@id\":\"https:\/\/upuko.com\/fi\/visbijas-tiesibas\/#breadcrumb\",\"itemListElement\":[{\"@type\":\"ListItem\",\"position\":1,\"name\":\"Home\",\"item\":\"https:\/\/upuko.com\/\"},{\"@type\":\"ListItem\",\"position\":2,\"name\":\"Visbijas ties\u012bbas\"}]},{\"@type\":\"WebSite\",\"@id\":\"https:\/\/upuko.com\/#website\",\"url\":\"https:\/\/upuko.com\/\",\"name\":\"Upuko.com\",\"description\":\"V\u0101rdu noz\u012bme\",\"publisher\":{\"@id\":\"https:\/\/upuko.com\/#organization\"},\"potentialAction\":[{\"@type\":\"SearchAction\",\"target\":{\"@type\":\"EntryPoint\",\"urlTemplate\":\"https:\/\/upuko.com\/?s={search_term_string}\"},\"query-input\":{\"@type\":\"PropertyValueSpecification\",\"valueRequired\":true,\"valueName\":\"search_term_string\"}}],\"inLanguage\":\"cs\"},{\"@type\":\"Organization\",\"@id\":\"https:\/\/upuko.com\/#organization\",\"name\":\"Upuko.com\",\"url\":\"https:\/\/upuko.com\/\",\"logo\":{\"@type\":\"ImageObject\",\"inLanguage\":\"cs\",\"@id\":\"https:\/\/upuko.com\/#\/schema\/logo\/image\/\",\"url\":\"https:\/\/upuko.com\/wp-content\/uploads\/2026\/01\/upuko-com-logo-1.png\",\"contentUrl\":\"https:\/\/upuko.com\/wp-content\/uploads\/2026\/01\/upuko-com-logo-1.png\",\"width\":1200,\"height\":300,\"caption\":\"Upuko.com\"},\"image\":{\"@id\":\"https:\/\/upuko.com\/#\/schema\/logo\/image\/\"}}]}<\/script>\n<!-- \/ Yoast SEO plugin. -->","yoast_head_json":{"title":"Visbijas ties\u012bbas - Upuko.com","robots":{"index":"index","follow":"follow","max-snippet":"max-snippet:-1","max-image-preview":"max-image-preview:large","max-video-preview":"max-video-preview:-1"},"canonical":"https:\/\/upuko.com\/cs\/visbijas-tiesibas\/","og_locale":"cs_CZ","og_type":"article","og_title":"Visbijas ties\u012bbas - Upuko.com","og_description":"Visbijas ties\u012bbas:\u00a0Visbijas pils\u0113tas v\u0101cu tirgot\u0101ju ties\u012bbas, ko R\u012bgas b\u012bskaps Alberts 1211. g. pie\u0161\u0137\u012bra Gotlandes tirgot\u0101jiem R\u012bg\u0101 un cit\u0101s Livonijas ost\u0101s, [&hellip;]","og_url":"https:\/\/upuko.com\/cs\/visbijas-tiesibas\/","og_site_name":"Upuko.com","twitter_card":"summary_large_image","schema":{"@context":"https:\/\/schema.org","@graph":[{"@type":"WebPage","@id":"https:\/\/upuko.com\/fi\/visbijas-tiesibas\/","url":"https:\/\/upuko.com\/fi\/visbijas-tiesibas\/","name":"Visbijas ties\u012bbas - Upuko.com","isPartOf":{"@id":"https:\/\/upuko.com\/#website"},"datePublished":"2026-02-13T22:15:31+00:00","breadcrumb":{"@id":"https:\/\/upuko.com\/fi\/visbijas-tiesibas\/#breadcrumb"},"inLanguage":"cs","potentialAction":[{"@type":"ReadAction","target":["https:\/\/upuko.com\/fi\/visbijas-tiesibas\/"]}]},{"@type":"BreadcrumbList","@id":"https:\/\/upuko.com\/fi\/visbijas-tiesibas\/#breadcrumb","itemListElement":[{"@type":"ListItem","position":1,"name":"Home","item":"https:\/\/upuko.com\/"},{"@type":"ListItem","position":2,"name":"Visbijas ties\u012bbas"}]},{"@type":"WebSite","@id":"https:\/\/upuko.com\/#website","url":"https:\/\/upuko.com\/","name":"Upuko.com","description":"V\u00fdznam slov","publisher":{"@id":"https:\/\/upuko.com\/#organization"},"potentialAction":[{"@type":"SearchAction","target":{"@type":"EntryPoint","urlTemplate":"https:\/\/upuko.com\/?s={search_term_string}"},"query-input":{"@type":"PropertyValueSpecification","valueRequired":true,"valueName":"search_term_string"}}],"inLanguage":"cs"},{"@type":"Organization","@id":"https:\/\/upuko.com\/#organization","name":"Upuko.com","url":"https:\/\/upuko.com\/","logo":{"@type":"ImageObject","inLanguage":"cs","@id":"https:\/\/upuko.com\/#\/schema\/logo\/image\/","url":"https:\/\/upuko.com\/wp-content\/uploads\/2026\/01\/upuko-com-logo-1.png","contentUrl":"https:\/\/upuko.com\/wp-content\/uploads\/2026\/01\/upuko-com-logo-1.png","width":1200,"height":300,"caption":"Upuko.com"},"image":{"@id":"https:\/\/upuko.com\/#\/schema\/logo\/image\/"}}]}},"_links":{"self":[{"href":"https:\/\/upuko.com\/cs\/wp-json\/wp\/v2\/pages\/399589","targetHints":{"allow":["GET"]}}],"collection":[{"href":"https:\/\/upuko.com\/cs\/wp-json\/wp\/v2\/pages"}],"about":[{"href":"https:\/\/upuko.com\/cs\/wp-json\/wp\/v2\/types\/page"}],"author":[{"embeddable":true,"href":"https:\/\/upuko.com\/cs\/wp-json\/wp\/v2\/users\/1"}],"replies":[{"embeddable":true,"href":"https:\/\/upuko.com\/cs\/wp-json\/wp\/v2\/comments?post=399589"}],"version-history":[{"count":0,"href":"https:\/\/upuko.com\/cs\/wp-json\/wp\/v2\/pages\/399589\/revisions"}],"wp:attachment":[{"href":"https:\/\/upuko.com\/cs\/wp-json\/wp\/v2\/media?parent=399589"}],"wp:term":[{"taxonomy":"vardnica","embeddable":true,"href":"https:\/\/upuko.com\/cs\/wp-json\/wp\/v2\/vardnica?post=399589"}],"curies":[{"name":"wp","href":"https:\/\/api.w.org\/{rel}","templated":true}]}}