{"id":133385,"date":"2026-02-13T04:12:20","date_gmt":"2026-02-13T04:12:20","guid":{"rendered":"https:\/\/upuko.com\/konformisms\/"},"modified":"2026-02-13T04:12:20","modified_gmt":"2026-02-13T04:12:20","slug":"konformisms","status":"publish","type":"page","link":"https:\/\/upuko.com\/cs\/konformisms\/","title":{"rendered":"konformisms"},"content":{"rendered":"<p><strong>konformisms:<\/strong>\u00a0ar personisk\u0101m \u0113rt\u012bb\u0101m saist\u012bta tiek\u0161an\u0101s p\u0113c vienveid\u012bbas uzskatos ar valdo\u0161o k\u0101rt\u012bbu<\/p>\n<p>&nbsp;<\/p>\n<p><strong>Pou\u017eit\u00ed:<\/strong>\u00a0Nedefinovan\u00e9<br \/>\n<strong>Tipy:<\/strong>\u00a0Home<br \/>\n<strong>T\u0159\u00edda slov:<\/strong>\u00a0Podstatn\u00e9 jm\u00e9no<\/p>","protected":false},"excerpt":{"rendered":"<p>konformisms:\u00a0ar personisk\u0101m \u0113rt\u012bb\u0101m saist\u012bta tiek\u0161an\u0101s p\u0113c vienveid\u012bbas uzskatos ar valdo\u0161o k\u0101rt\u012bbu &nbsp; Lietojums:\u00a0Nenoteikts Tips:\u00a0Galvenais V\u0101rd\u0161\u0137ira:\u00a0Lietv\u0101rds<\/p>","protected":false},"author":1,"featured_media":0,"parent":0,"menu_order":0,"comment_status":"closed","ping_status":"open","template":"","meta":{"site-sidebar-layout":"default","site-content-layout":"","ast-site-content-layout":"default","site-content-style":"default","site-sidebar-style":"default","ast-global-header-display":"","ast-banner-title-visibility":"","ast-main-header-display":"","ast-hfb-above-header-display":"","ast-hfb-below-header-display":"","ast-hfb-mobile-header-display":"","site-post-title":"","ast-breadcrumbs-content":"","ast-featured-img":"","footer-sml-layout":"","ast-disable-related-posts":"","theme-transparent-header-meta":"","adv-header-id-meta":"","stick-header-meta":"","header-above-stick-meta":"","header-main-stick-meta":"","header-below-stick-meta":"","astra-migrate-meta-layouts":"default","ast-page-background-enabled":"default","ast-page-background-meta":{"desktop":{"background-color":"var(--ast-global-color-4)","background-image":"","background-repeat":"repeat","background-position":"center center","background-size":"auto","background-attachment":"scroll","background-type":"","background-media":"","overlay-type":"","overlay-color":"","overlay-opacity":"","overlay-gradient":""},"tablet":{"background-color":"","background-image":"","background-repeat":"repeat","background-position":"center center","background-size":"auto","background-attachment":"scroll","background-type":"","background-media":"","overlay-type":"","overlay-color":"","overlay-opacity":"","overlay-gradient":""},"mobile":{"background-color":"","background-image":"","background-repeat":"repeat","background-position":"center center","background-size":"auto","background-attachment":"scroll","background-type":"","background-media":"","overlay-type":"","overlay-color":"","overlay-opacity":"","overlay-gradient":""}},"ast-content-background-meta":{"desktop":{"background-color":"var(--ast-global-color-5)","background-image":"","background-repeat":"repeat","background-position":"center center","background-size":"auto","background-attachment":"scroll","background-type":"","background-media":"","overlay-type":"","overlay-color":"","overlay-opacity":"","overlay-gradient":""},"tablet":{"background-color":"var(--ast-global-color-5)","background-image":"","background-repeat":"repeat","background-position":"center center","background-size":"auto","background-attachment":"scroll","background-type":"","background-media":"","overlay-type":"","overlay-color":"","overlay-opacity":"","overlay-gradient":""},"mobile":{"background-color":"var(--ast-global-color-5)","background-image":"","background-repeat":"repeat","background-position":"center center","background-size":"auto","background-attachment":"scroll","background-type":"","background-media":"","overlay-type":"","overlay-color":"","overlay-opacity":"","overlay-gradient":""}},"footnotes":""},"vardnica":[7],"class_list":["post-133385","page","type-page","status-publish","hentry","vardnica-nenoteikts"],"yoast_head":"<!-- This site is optimized with the Yoast SEO plugin v27.0 - https:\/\/yoast.com\/product\/yoast-seo-wordpress\/ -->\n<title>konformisms - Upuko.com<\/title>\n<meta name=\"robots\" content=\"index, follow, max-snippet:-1, max-image-preview:large, max-video-preview:-1\" \/>\n<link rel=\"canonical\" href=\"https:\/\/upuko.com\/cs\/konformisms\/\" \/>\n<meta property=\"og:locale\" content=\"cs_CZ\" \/>\n<meta property=\"og:type\" content=\"article\" \/>\n<meta property=\"og:title\" content=\"konformisms - Upuko.com\" \/>\n<meta property=\"og:description\" content=\"konformisms:\u00a0ar personisk\u0101m \u0113rt\u012bb\u0101m saist\u012bta tiek\u0161an\u0101s p\u0113c vienveid\u012bbas uzskatos ar valdo\u0161o k\u0101rt\u012bbu &nbsp; Lietojums:\u00a0Nenoteikts Tips:\u00a0Galvenais V\u0101rd\u0161\u0137ira:\u00a0Lietv\u0101rds\" \/>\n<meta property=\"og:url\" content=\"https:\/\/upuko.com\/cs\/konformisms\/\" \/>\n<meta property=\"og:site_name\" content=\"Upuko.com\" \/>\n<meta name=\"twitter:card\" content=\"summary_large_image\" \/>\n<script type=\"application\/ld+json\" class=\"yoast-schema-graph\">{\"@context\":\"https:\/\/schema.org\",\"@graph\":[{\"@type\":\"WebPage\",\"@id\":\"https:\/\/upuko.com\/konformisms\/\",\"url\":\"https:\/\/upuko.com\/konformisms\/\",\"name\":\"konformisms - Upuko.com\",\"isPartOf\":{\"@id\":\"https:\/\/upuko.com\/#website\"},\"datePublished\":\"2026-02-13T04:12:20+00:00\",\"breadcrumb\":{\"@id\":\"https:\/\/upuko.com\/konformisms\/#breadcrumb\"},\"inLanguage\":\"cs\",\"potentialAction\":[{\"@type\":\"ReadAction\",\"target\":[\"https:\/\/upuko.com\/konformisms\/\"]}]},{\"@type\":\"BreadcrumbList\",\"@id\":\"https:\/\/upuko.com\/konformisms\/#breadcrumb\",\"itemListElement\":[{\"@type\":\"ListItem\",\"position\":1,\"name\":\"Home\",\"item\":\"https:\/\/upuko.com\/\"},{\"@type\":\"ListItem\",\"position\":2,\"name\":\"konformisms\"}]},{\"@type\":\"WebSite\",\"@id\":\"https:\/\/upuko.com\/#website\",\"url\":\"https:\/\/upuko.com\/\",\"name\":\"Upuko.com\",\"description\":\"V\u0101rdu noz\u012bme\",\"publisher\":{\"@id\":\"https:\/\/upuko.com\/#organization\"},\"potentialAction\":[{\"@type\":\"SearchAction\",\"target\":{\"@type\":\"EntryPoint\",\"urlTemplate\":\"https:\/\/upuko.com\/?s={search_term_string}\"},\"query-input\":{\"@type\":\"PropertyValueSpecification\",\"valueRequired\":true,\"valueName\":\"search_term_string\"}}],\"inLanguage\":\"cs\"},{\"@type\":\"Organization\",\"@id\":\"https:\/\/upuko.com\/#organization\",\"name\":\"Upuko.com\",\"url\":\"https:\/\/upuko.com\/\",\"logo\":{\"@type\":\"ImageObject\",\"inLanguage\":\"cs\",\"@id\":\"https:\/\/upuko.com\/#\/schema\/logo\/image\/\",\"url\":\"https:\/\/upuko.com\/wp-content\/uploads\/2026\/01\/upuko-com-logo-1.png\",\"contentUrl\":\"https:\/\/upuko.com\/wp-content\/uploads\/2026\/01\/upuko-com-logo-1.png\",\"width\":1200,\"height\":300,\"caption\":\"Upuko.com\"},\"image\":{\"@id\":\"https:\/\/upuko.com\/#\/schema\/logo\/image\/\"}}]}<\/script>\n<!-- \/ Yoast SEO plugin. -->","yoast_head_json":{"title":"konformisms - Upuko.com","robots":{"index":"index","follow":"follow","max-snippet":"max-snippet:-1","max-image-preview":"max-image-preview:large","max-video-preview":"max-video-preview:-1"},"canonical":"https:\/\/upuko.com\/cs\/konformisms\/","og_locale":"cs_CZ","og_type":"article","og_title":"konformisms - Upuko.com","og_description":"konformisms:\u00a0ar personisk\u0101m \u0113rt\u012bb\u0101m saist\u012bta tiek\u0161an\u0101s p\u0113c vienveid\u012bbas uzskatos ar valdo\u0161o k\u0101rt\u012bbu &nbsp; Lietojums:\u00a0Nenoteikts Tips:\u00a0Galvenais V\u0101rd\u0161\u0137ira:\u00a0Lietv\u0101rds","og_url":"https:\/\/upuko.com\/cs\/konformisms\/","og_site_name":"Upuko.com","twitter_card":"summary_large_image","schema":{"@context":"https:\/\/schema.org","@graph":[{"@type":"WebPage","@id":"https:\/\/upuko.com\/konformisms\/","url":"https:\/\/upuko.com\/konformisms\/","name":"konformisms - Upuko.com","isPartOf":{"@id":"https:\/\/upuko.com\/#website"},"datePublished":"2026-02-13T04:12:20+00:00","breadcrumb":{"@id":"https:\/\/upuko.com\/konformisms\/#breadcrumb"},"inLanguage":"cs","potentialAction":[{"@type":"ReadAction","target":["https:\/\/upuko.com\/konformisms\/"]}]},{"@type":"BreadcrumbList","@id":"https:\/\/upuko.com\/konformisms\/#breadcrumb","itemListElement":[{"@type":"ListItem","position":1,"name":"Home","item":"https:\/\/upuko.com\/"},{"@type":"ListItem","position":2,"name":"konformisms"}]},{"@type":"WebSite","@id":"https:\/\/upuko.com\/#website","url":"https:\/\/upuko.com\/","name":"Upuko.com","description":"V\u00fdznam slov","publisher":{"@id":"https:\/\/upuko.com\/#organization"},"potentialAction":[{"@type":"SearchAction","target":{"@type":"EntryPoint","urlTemplate":"https:\/\/upuko.com\/?s={search_term_string}"},"query-input":{"@type":"PropertyValueSpecification","valueRequired":true,"valueName":"search_term_string"}}],"inLanguage":"cs"},{"@type":"Organization","@id":"https:\/\/upuko.com\/#organization","name":"Upuko.com","url":"https:\/\/upuko.com\/","logo":{"@type":"ImageObject","inLanguage":"cs","@id":"https:\/\/upuko.com\/#\/schema\/logo\/image\/","url":"https:\/\/upuko.com\/wp-content\/uploads\/2026\/01\/upuko-com-logo-1.png","contentUrl":"https:\/\/upuko.com\/wp-content\/uploads\/2026\/01\/upuko-com-logo-1.png","width":1200,"height":300,"caption":"Upuko.com"},"image":{"@id":"https:\/\/upuko.com\/#\/schema\/logo\/image\/"}}]}},"_links":{"self":[{"href":"https:\/\/upuko.com\/cs\/wp-json\/wp\/v2\/pages\/133385","targetHints":{"allow":["GET"]}}],"collection":[{"href":"https:\/\/upuko.com\/cs\/wp-json\/wp\/v2\/pages"}],"about":[{"href":"https:\/\/upuko.com\/cs\/wp-json\/wp\/v2\/types\/page"}],"author":[{"embeddable":true,"href":"https:\/\/upuko.com\/cs\/wp-json\/wp\/v2\/users\/1"}],"replies":[{"embeddable":true,"href":"https:\/\/upuko.com\/cs\/wp-json\/wp\/v2\/comments?post=133385"}],"version-history":[{"count":0,"href":"https:\/\/upuko.com\/cs\/wp-json\/wp\/v2\/pages\/133385\/revisions"}],"wp:attachment":[{"href":"https:\/\/upuko.com\/cs\/wp-json\/wp\/v2\/media?parent=133385"}],"wp:term":[{"taxonomy":"vardnica","embeddable":true,"href":"https:\/\/upuko.com\/cs\/wp-json\/wp\/v2\/vardnica?post=133385"}],"curies":[{"name":"wp","href":"https:\/\/api.w.org\/{rel}","templated":true}]}}